{"id":989682,"date":"2023-12-21T18:12:33","date_gmt":"2023-12-21T16:12:33","guid":{"rendered":"https:\/\/passetapasset.org\/politica-de-privacidad\/"},"modified":"2024-09-11T11:29:01","modified_gmt":"2024-09-11T09:29:01","slug":"politica-de-privacidad","status":"publish","type":"page","link":"https:\/\/passetapasset.org\/es\/politica-de-privacidad\/","title":{"rendered":"Pol\u00edtica de Privacidad"},"content":{"rendered":"\t\t<div data-elementor-type=\"wp-page\" data-elementor-id=\"989682\" class=\"elementor elementor-989682 elementor-988505\" data-elementor-post-type=\"page\">\n\t\t\t\t<div class=\"elementor-element elementor-element-3fad3e32 e-flex e-con-boxed e-con e-parent\" data-id=\"3fad3e32\" data-element_type=\"container\" data-e-type=\"container\">\n\t\t\t\t\t<div class=\"e-con-inner\">\n\t\t\t\t<div class=\"elementor-element elementor-element-93c19b8 elementor-widget elementor-widget-text-editor\" data-id=\"93c19b8\" data-element_type=\"widget\" data-e-type=\"widget\" data-widget_type=\"text-editor.default\">\n\t\t\t\t<div class=\"elementor-widget-container\">\n\t\t\t\t\t\t\t\t\t\n<h2 class=\"wp-block-heading\">Responsable del tratamiento<\/h2>\n\n<p>En cumplimiento con la normativa legal vigente en materia de protecci\u00f3n de datos de car\u00e1cter personal, se informa el usuario que sus datos ser\u00e1n tratados por PASSET A PASSET CAMIMEN PLEGATS COOP. V., con NIF F98750938, de ahora en adelante EL RESPONSABLE. <\/p>\n\n<h2 class=\"wp-block-heading\">Legitimaci\u00f3n<\/h2>\n\n<p>Lo informamos que la base jur\u00eddica para el tratamiento de sus datos es el consentimiento del interesado.<\/p>\n\n<h2 class=\"wp-block-heading\">Finalidad del tratamiento<\/h2>\n\n<p><strong>Contacto<\/strong><\/p>\n\n<p>La finalidad del tratamiento es la de atender su solicitud y de posibilitar la gesti\u00f3n de la relaci\u00f3n y contacto con Usted.<\/p>\n\n<p>Otra finalidad es la de enviarle comunicaciones comerciales y de cortes\u00eda relacionadas con nuestra entidad, a trav\u00e9s del tel\u00e9fono, correo postal ordinario, correo electr\u00f3nico o medios de comunicaci\u00f3n electr\u00f3nica equivalentes.<\/p>\n\n<p>Si el usuario no marca la aceptaci\u00f3n de la casilla correspondiente antes del env\u00edo de la solicitud de consulta, no recibir\u00e1 comunicaciones comerciales y de inter\u00e9s de esta entidad, sin perjuicio de ser atendida su consulta.<\/p>\n\n<p> <\/p>\n\n<h2 class=\"wp-block-heading\">Cesi\u00f3n de los datos<\/h2>\n\n<p>El usuario acepta y consiente el tratamiento automatizado de los mismos por parte del RESPONSABLE quien garantiza que los datos recogidos no ser\u00e1n cedidos a terceras personas ni usados con otro fin comercial que no sea para el cual han sido recaudados y que siempre que fuera a realizarse alg\u00fan tipo de cesi\u00f3n de datos personales, de manera previa, se solicitar\u00eda el consentimiento expreso, informado, e inequ\u00edvoco por parte de los titulares.<\/p>\n\n<h2 class=\"wp-block-heading\">Exactitud y veracidad de los datos<\/h2>\n\n<p>El usuario es el \u00fanico responsable de la veracidad y correcci\u00f3n de los datos incluidos e informadas, exoner\u00e1ndose al RESPONSABLE de cualquier responsabilidad sobre este tema.<\/p>\n\n<h2 class=\"wp-block-heading\">Medidas de seguridad<\/h2>\n\n<p>EL RESPONSABLE ha adoptado todas las medidas t\u00e9cnicas y organizativas necesarias para garantizar la seguridad e integridad de los datos de car\u00e1cter personal que trato, as\u00ed como para evitar su p\u00e9rdida, alteraci\u00f3n y\/o acceso por parte de terceros no autorizados.<\/p>\n\n<p>Este sitio web puede contener enlaces a otros sitios web que podr\u00edan almacenar informaci\u00f3n sobre los usuarios. EL RESPONSABLE no se hace responsable por la gesti\u00f3n de la informaci\u00f3n de usuario ni por las condiciones de protecci\u00f3n de datos y confidencialidad otros sitios web. <\/p>\n\n<h2 class=\"wp-block-heading\">Cambios en la presente Pol\u00edtica de Privacidad<\/h2>\n\n<p>EL RESPONSABLE se reserva el derecho a modificar su Pol\u00edtica de Privacidad, de acuerdo con su propio criterio, o motivado por un cambio legislativo, jurisprudencial o doctrinal de la Agencia Espa\u00f1ola de Protecci\u00f3n de Datos. Cualquier modificaci\u00f3n de la Pol\u00edtica de Privacidad ser\u00e1 publicada al menos diez d\u00edas antes de su efectiva aplicaci\u00f3n. El uso de la Web despu\u00e9s de estos cambios implicar\u00e1 la aceptaci\u00f3n de estos.  <\/p>\n\n<h2 class=\"wp-block-heading\">Plazo de supresi\u00f3n de los datos<\/h2>\n\n<p>Se conservar\u00e1n durante el tiempo necesario para cumplir con la finalidad para la cual se recaudaron y para determinar las posibles responsabilidades que se pudieron derivar de esta finalidad y del tratamiento de los datos.<\/p>\n\n<h2 class=\"wp-block-heading\">Derechos del usuario<\/h2>\n\n<p>Se lo informa que puede ejercer los derechos de acceso, rectificaci\u00f3n, supresi\u00f3n y, en su caso, oposici\u00f3n y portabilidad de los datos, as\u00ed como la limitaci\u00f3n de tratamiento de estos, enviando una solicitud acompa\u00ed\u00b1ada de documento identificativo a la direcci\u00f3n: <a href=\"mailto:ceibetero@passetapasset.org\">ceibetero@passetapasset.org<\/a>. As\u00ed mismo, se le comunica que, si no obtiene satisfacci\u00f3n en el ejercicio de sus derechos, tiene la posibilidad de ejercer su derecho de presentaci\u00f3n de una reclamaci\u00f3n ante una Autoridad de Control en materia de Protecci\u00f3n de Datos competente, actualmente Agencia Espa\u00f1ola de Protecci\u00f3n de Datos (AEPD).<\/p>\n\t\t\t\t\t\t\t\t<\/div>\n\t\t\t\t<\/div>\n\t\t\t\t\t<\/div>\n\t\t\t\t<\/div>\n\t\t\t\t<\/div>\n\t\t","protected":false},"excerpt":{"rendered":"<p>Responsable del tratamiento En cumplimiento con la normativa legal vigente en materia de protecci\u00f3n de datos de car\u00e1cter personal, se informa el usuario que sus datos ser\u00e1n tratados por PASSET A PASSET CAMIMEN PLEGATS COOP. V., con NIF F98750938, de ahora en adelante EL RESPONSABLE. Legitimaci\u00f3n Lo informamos que la base jur\u00eddica para el tratamiento&#8230;<\/p>\n","protected":false},"author":1,"featured_media":0,"parent":0,"menu_order":97,"comment_status":"closed","ping_status":"closed","template":"elementor_theme","meta":{"footnotes":""},"class_list":["post-989682","page","type-page","status-publish","hentry"],"_links":{"self":[{"href":"https:\/\/passetapasset.org\/es\/wp-json\/wp\/v2\/pages\/989682","targetHints":{"allow":["GET"]}}],"collection":[{"href":"https:\/\/passetapasset.org\/es\/wp-json\/wp\/v2\/pages"}],"about":[{"href":"https:\/\/passetapasset.org\/es\/wp-json\/wp\/v2\/types\/page"}],"author":[{"embeddable":true,"href":"https:\/\/passetapasset.org\/es\/wp-json\/wp\/v2\/users\/1"}],"replies":[{"embeddable":true,"href":"https:\/\/passetapasset.org\/es\/wp-json\/wp\/v2\/comments?post=989682"}],"version-history":[{"count":6,"href":"https:\/\/passetapasset.org\/es\/wp-json\/wp\/v2\/pages\/989682\/revisions"}],"predecessor-version":[{"id":989855,"href":"https:\/\/passetapasset.org\/es\/wp-json\/wp\/v2\/pages\/989682\/revisions\/989855"}],"wp:attachment":[{"href":"https:\/\/passetapasset.org\/es\/wp-json\/wp\/v2\/media?parent=989682"}],"curies":[{"name":"wp","href":"https:\/\/api.w.org\/{rel}","templated":true}]}}